{"id":279,"date":"2023-08-16T14:53:58","date_gmt":"2023-08-16T14:53:58","guid":{"rendered":"http:\/\/ferdinandlinke.com\/?page_id=279"},"modified":"2025-10-10T18:45:38","modified_gmt":"2025-10-10T18:45:38","slug":"mein-angebotferdinand-linke-dein-experte-fuer-design-thinking-ux-forschung-und-coachingmein-angebot","status":"publish","type":"page","link":"https:\/\/ferdinandlinke.com\/","title":{"rendered":"&#x1f44b; Hallo, ich bin Ferdinand Linke."},"content":{"rendered":"\n<h3 class=\"wp-block-heading\"><strong>Coach. Facilitator. Songwriter.<\/strong><\/h3>\n\n\n\n<p>Ich begleite Menschen und Teams durch Ver\u00e4nderung \u2013 mit Klarheit, Kreativit\u00e4t und Herz.<\/p>\n\n\n\n<p>Seit \u00fcber 10 Jahren gestalte ich Workshops, unterst\u00fctze Organisationen, erforsche neue Technologien und integriere Musik und Pr\u00e4senz in meine Arbeit.<\/p>\n\n\n\n<p>&#x1f449; Du suchst frische Energie f\u00fcr dein Projekt, dein Team oder deinen Wandel?<\/p>\n\n\n\n<p><strong>Lass uns in Kontakt gehen!<\/strong><\/p>\n\n\n\n<p><\/p>\n\n\n\n<p><strong>Schreib mir eine E-Mail: <a href=\"mailto:mail@ferdinandlinke.com\">mail@ferdinandlinke.com<\/a><\/strong> <\/p>\n\n\n\n<p><\/p>\n\n\n\n<hr class=\"wp-block-separator has-alpha-channel-opacity\"\/>\n\n\n\n<h3 class=\"wp-block-heading\"><strong>&#x1f517; Mehr entdecken:<\/strong><\/h3>\n\n\n\n<ul>\n<li>&#x1f3a7; <strong>Meine Musik auf Spotify anh\u00f6ren und mir folgen<\/strong>: <a href=\"https:\/\/open.spotify.com\/artist\/1wmTgbjoQOTXFUq1IMLL3K\">Ferdinand Fly \/ Ferdinand Linke<\/a><\/li>\n\n\n\n<li>&#x1f680; <strong>Mein Futures Thinking Projekt entdecken:<\/strong> <a href=\"https:\/\/www.linktr.ee\/100minutenzukunft\">100 Minuten Zukunft<\/a><\/li>\n<\/ul>\n","protected":false},"excerpt":{"rendered":"<p>Coach. Facilitator. Songwriter. Ich begleite Menschen und Teams durch Ver\u00e4nderung \u2013 mit Klarheit, Kreativit\u00e4t und Herz. Seit \u00fcber 10 Jahren &hellip; <a class=\"more-link\" href=\"https:\/\/ferdinandlinke.com\/\">Mehr<\/a><\/p>\n","protected":false},"author":1,"featured_media":0,"parent":0,"menu_order":0,"comment_status":"closed","ping_status":"closed","template":"","meta":{"footnotes":""},"_links":{"self":[{"href":"https:\/\/ferdinandlinke.com\/index.php?rest_route=\/wp\/v2\/pages\/279"}],"collection":[{"href":"https:\/\/ferdinandlinke.com\/index.php?rest_route=\/wp\/v2\/pages"}],"about":[{"href":"https:\/\/ferdinandlinke.com\/index.php?rest_route=\/wp\/v2\/types\/page"}],"author":[{"embeddable":true,"href":"https:\/\/ferdinandlinke.com\/index.php?rest_route=\/wp\/v2\/users\/1"}],"replies":[{"embeddable":true,"href":"https:\/\/ferdinandlinke.com\/index.php?rest_route=%2Fwp%2Fv2%2Fcomments&post=279"}],"version-history":[{"count":27,"href":"https:\/\/ferdinandlinke.com\/index.php?rest_route=\/wp\/v2\/pages\/279\/revisions"}],"predecessor-version":[{"id":508,"href":"https:\/\/ferdinandlinke.com\/index.php?rest_route=\/wp\/v2\/pages\/279\/revisions\/508"}],"wp:attachment":[{"href":"https:\/\/ferdinandlinke.com\/index.php?rest_route=%2Fwp%2Fv2%2Fmedia&parent=279"}],"curies":[{"name":"wp","href":"https:\/\/api.w.org\/{rel}","templated":true}]}}